{"id":52,"date":"2016-12-13T12:17:25","date_gmt":"2016-12-13T11:17:25","guid":{"rendered":"http:\/\/danielletan.fr\/?page_id=52"},"modified":"2025-12-07T12:33:06","modified_gmt":"2025-12-07T11:33:06","slug":"about-me","status":"publish","type":"page","link":"https:\/\/danielletan.fr\/","title":{"rendered":"About me"},"content":{"rendered":"<p style=\"text-align: center\"><img loading=\"lazy\" decoding=\"async\" src=\"https:\/\/danielletan.fr\/wp-content\/uploads\/2016\/12\/fullsizeoutput_41d-250x300.jpeg\" class=\"aligncenter size-medium wp-image-480\" width=\"250\" height=\"300\" alt=\"\" srcset=\"https:\/\/danielletan.fr\/wp-content\/uploads\/2016\/12\/fullsizeoutput_41d-250x300.jpeg 250w, https:\/\/danielletan.fr\/wp-content\/uploads\/2016\/12\/fullsizeoutput_41d.jpeg 601w\" sizes=\"auto, (max-width: 250px) 100vw, 250px\" \/><img loading=\"lazy\" decoding=\"async\" src=\"https:\/\/danielletan.fr\/wp-content\/uploads\/2018\/04\/logo-consultant-300x99.png\" class=\"alignnone size-medium wp-image-706\" width=\"300\" height=\"99\" alt=\"\" srcset=\"https:\/\/danielletan.fr\/wp-content\/uploads\/2018\/04\/logo-consultant-300x99.png 300w, https:\/\/danielletan.fr\/wp-content\/uploads\/2018\/04\/logo-consultant.png 700w, https:\/\/danielletan.fr\/wp-content\/uploads\/2018\/04\/logo-consultant-600x197.png 600w\" sizes=\"auto, (max-width: 300px) 100vw, 300px\" \/><\/p>\n<p style=\"text-align: center\"><span style=\"\"><a href=\"https:\/\/drive.google.com\/file\/d\/1Zfw8brkmfd-qWOKUslEszP0RCQji7Ea2\/view?usp=drive_link\">\ud83d\udcc4<\/a><\/span><span style=\"\"><a href=\"https:\/\/drive.google.com\/file\/d\/1Zfw8brkmfd-qWOKUslEszP0RCQji7Ea2\/view?usp=drive_link\"><strong> CV complet 2025<\/strong><\/a><\/span> \/ <span style=\"\"><strong><a href=\"http:\/\/www.linkedin.com\/in\/danielletan69\">LinkedIn<\/a><\/strong><\/span><\/p>\n<h3><span style=\"\">\ud83c\udf0f<\/span><span style=\"\"> Passeuse de mondes entre l&rsquo;Asie et la France<\/span><\/h3>\n<p>Docteure en science politique de Sciences Po Paris, je consacre ma vie professionnelle \u00e0 tisser des ponts entre les cultures, les savoirs et les pratiques. Sp\u00e9cialiste de l&rsquo;Asie du Sud-Est avec plus de 20 ans d&rsquo;exp\u00e9rience terrain, je conjugue recherche acad\u00e9mique rigoureuse et expertise op\u00e9rationnelle au service du d\u00e9veloppement et de l&rsquo;interculturalit\u00e9.<\/p>\n<h3><span style=\"\">\ud83d\udcda<\/span><span style=\"\"> Du retour aux racines \u00e0 l&rsquo;engagement pour le d\u00e9veloppement<\/span><\/h3>\n<p>Pour retrouver mes racines sino-khm\u00e8res, j&rsquo;ai retrac\u00e9 l&rsquo;histoire de la diaspora chinoise du Cambodge dans mon m\u00e9moire de Master. Ma th\u00e8se doctorale, men\u00e9e au Laos, a explor\u00e9 le r\u00f4le des r\u00e9seaux chinois dans la transformation de l&rsquo;\u00e9conomie politique des pays communistes d&rsquo;Asie du Sud-Est. Mes post-doctorats \u00e0 l&rsquo;Australian National University et \u00e0 l&rsquo;International Institute for Asian Studies (Leiden) m&rsquo;ont permis d&rsquo;approfondir les dynamiques de r\u00e9gionalisation et l&rsquo;impact de \u00ab\u00a0la mont\u00e9e en puissance de la Chine\u00a0\u00bb sur les soci\u00e9t\u00e9s sud-est asiatiques.<\/p>\n<p>Depuis mes d\u00e9buts, je mobilise mes comp\u00e9tences en recherche-action, data visualisation et gestion de projet au service d&rsquo;ONG telles que Handicap International\/Humanit\u00e9 &amp; Inclusion, Avocats Sans Fronti\u00e8res, mais \u00e9galement pour des bureaux d&rsquo;\u00e9tudes, des organisations internationales et des entreprises priv\u00e9es. Aujourd&rsquo;hui, je poursuis cet engagement en tant que consultante en management interculturel pour le CERAN Languages &amp; Cultures, o\u00f9 je coache des expatri\u00e9s et accompagne de grands groupes. J&rsquo;ai principalement enseign\u00e9 \u00e0 Sciences Po Paris\/Lyon, KEDGE Business School Marseille, et je continue \u00e0 transmettre sur l&rsquo;interculturel \u00e0 l&rsquo;EM Lyon Business School.<\/p>\n<h3><span style=\"\">\ud83c\udfe1<\/span><span style=\"\"> Ancr\u00e9e en Provence, la plume tourn\u00e9e vers l&rsquo;Asie<\/span><\/h3>\n<p><strong>Install\u00e9e depuis 2 ans \u00e0 Lurs, dans les Alpes-de-Haute-Provence, j&rsquo;ai cr\u00e9\u00e9 ma base en Provence o\u00f9 je reprends aujourd&rsquo;hui ma plume pour \u00e9crire sur l&rsquo;Asie.<\/strong> <strong>Je continue mon engagement depuis Lurs, ancr\u00e9e et align\u00e9e, avec un travail d&rsquo;\u00e9criture sur les racines, la m\u00e9moire, la transmission, et la multi\/interculturalit\u00e9 \u00e0 travers mon v\u00e9cu sur plusieurs continents et avec diff\u00e9rentes cultures.<\/strong> Cette installation me permet de conjuguer ancrage local et perspective globale, nourrissant une r\u00e9flexion renouvel\u00e9e sur les dynamiques asiatiques depuis le regard apaisant des collines proven\u00e7ales.<\/p>\n<h3><span style=\"\">\ud83d\udd2c<\/span><span style=\"\"> Une approche de Recherche-Action<\/span><\/h3>\n<p>Convaincue que les m\u00e9thodes participatives sont la cl\u00e9 pour produire un savoir collectif partageable et r\u00e9plicable, je privil\u00e9gie une d\u00e9marche de Recherche-Action. Passionn\u00e9e par la p\u00e9dagogie, je d\u00e9veloppe des outils de visualisation de donn\u00e9es et explore les potentialit\u00e9s du num\u00e9rique pour mieux soigner, sensibiliser, informer et former. J&rsquo;essaie de combiner design graphique et technologies num\u00e9riques pour faire passer des messages de mani\u00e8re percutante et accessible.<\/p>\n<h3><span style=\"\">\ud83d\udcbc<\/span><span style=\"\"> Domaines d&rsquo;expertise<\/span><\/h3>\n<ul>\n<li>\ud83c\udf0f <strong>Asie du Sud-Est<\/strong> : Chine, Laos, Cambodge, Vietnam, diaspora chinoise<\/li>\n<li>\ud83e\udd1d <strong>Management interculturel<\/strong> : Formation, coaching, accompagnement d&rsquo;expatri\u00e9s<\/li>\n<li>\ud83d\udcca <strong>Recherche-Action<\/strong> : M\u00e9thodologies mixtes, \u00e9valuation d&rsquo;impact social, data visualisation<\/li>\n<li>\u267f <strong>D\u00e9veloppement inclusif<\/strong> : Genre, handicap, intersectionnalit\u00e9<\/li>\n<li>\ud83c\udf93 <strong>Formation &amp; enseignement<\/strong> : Sciences sociales, relations internationales, d\u00e9veloppement<\/li>\n<\/ul>\n<p style=\"text-align: center\">\ud83d\udce7<strong> Pour toute collaboration ou projet : <a href=\"mailto:tandanielle@hotmail.com\">tandanielle@hotmail.com<\/a><\/strong><\/p>\n<hr>\n<h3>\ud83c\udf10 Version anglaise \/ English version<\/h3>\n<h4><span style=\"\">\ud83c\udf0f<\/span><span style=\"\"> Bridging Worlds Between Asia and France<\/span><\/h4>\n<p>With a PhD in Political Science from Sciences Po Paris, I dedicate my professional life to building bridges between cultures, knowledge systems, and practices. As a Southeast Asia specialist with over 20 years of field experience, I combine rigorous academic research with operational expertise in the service of development and intercultural understanding.<\/p>\n<h4><span style=\"\">\ud83d\udcda<\/span><span style=\"\"> From Roots to Engagement for Development<\/span><\/h4>\n<p>To rediscover my Sino-Khmer roots, I retraced the history of the Chinese diaspora in Cambodia in my Master&rsquo;s thesis. My doctoral research, conducted in Laos, explored the role of Chinese networks in transforming the political economy of communist countries in Southeast Asia. My postdocs at the Australian National University and the International Institute for Asian Studies (Leiden) allowed me to deepen my understanding of regionalization dynamics and the impact of \u00ab\u00a0China&rsquo;s rise\u00a0\u00bb on Southeast Asian societies.<\/p>\n<p>From the beginning, I have applied my skills in action research, data visualization, and project management to serve NGOs such as Handicap International\/Humanity &amp; Inclusion, Lawyers Without Borders, as well as consultancy firms, international organizations, and private companies. Today, I continue this commitment as an intercultural management consultant for CERAN Languages &amp; Cultures, where I coach expatriates and support large groups. I also teach at EM Lyon Business School, Sciences Po Paris\/Lyon, and KEDGE Business School.<\/p>\n<h4><span style=\"\">\ud83c\udfe1<\/span><span style=\"\"> Rooted in Provence, Writing About Asia<\/span><\/h4>\n<p><strong>Based in Lurs, in the Alpes-de-Haute-Provence for the past two years, I have established my home base in Provence where I am now taking up my pen again to write about Asia.<\/strong> <strong>I continue this engagement from Lurs, anchored and aligned, with writing work on roots, memory, transmission, and multi\/interculturality through my experience across several continents and different cultures.<\/strong> This installation allows me to combine local anchoring with a global perspective, nurturing renewed reflection on Asian dynamics from the peaceful vantage point of the Proven\u00e7al hills.<\/p>\n<h4><span style=\"\">\ud83d\udd2c<\/span><span style=\"\"> An Action Research Approach<\/span><\/h4>\n<p>Convinced that participatory methods are key to producing collective knowledge that can be shared and replicated, I favor an Action Research approach. Passionate about pedagogy, I develop data visualization tools and explore the potential of digital technology to better care, raise awareness, inform, and train. I strive to combine graphic design and digital technologies to convey messages in a powerful and accessible way.<\/p>\n<p style=\"text-align: center\">\ud83d\udce7<strong> For any collaboration or project: <a href=\"mailto:tandanielle@hotmail.com\">tandanielle@hotmail.com<\/a><\/strong><\/p>\n","protected":false},"excerpt":{"rendered":"<p>\ud83d\udcc4 CV complet 2025 \/ LinkedIn \ud83c\udf0f Passeuse de mondes entre l&rsquo;Asie et la France Docteure en science politique de Sciences Po Paris, je consacre ma vie professionnelle \u00e0 tisser des ponts entre les cultures, les savoirs et les pratiques. Sp\u00e9cialiste de l&rsquo;Asie du Sud-Est avec plus de 20 ans d&rsquo;exp\u00e9rience terrain, je conjugue recherche&#8230; <\/p>\n<div class=\"link-more\"><a href=\"https:\/\/danielletan.fr\/\">En savoir plus<\/a><\/div>\n","protected":false},"author":1,"featured_media":0,"parent":0,"menu_order":0,"comment_status":"closed","ping_status":"closed","template":"","meta":{"footnotes":""},"class_list":["post-52","page","type-page","status-publish","hentry"],"_links":{"self":[{"href":"https:\/\/danielletan.fr\/index.php?rest_route=\/wp\/v2\/pages\/52","targetHints":{"allow":["GET"]}}],"collection":[{"href":"https:\/\/danielletan.fr\/index.php?rest_route=\/wp\/v2\/pages"}],"about":[{"href":"https:\/\/danielletan.fr\/index.php?rest_route=\/wp\/v2\/types\/page"}],"author":[{"embeddable":true,"href":"https:\/\/danielletan.fr\/index.php?rest_route=\/wp\/v2\/users\/1"}],"replies":[{"embeddable":true,"href":"https:\/\/danielletan.fr\/index.php?rest_route=%2Fwp%2Fv2%2Fcomments&post=52"}],"version-history":[{"count":51,"href":"https:\/\/danielletan.fr\/index.php?rest_route=\/wp\/v2\/pages\/52\/revisions"}],"predecessor-version":[{"id":977,"href":"https:\/\/danielletan.fr\/index.php?rest_route=\/wp\/v2\/pages\/52\/revisions\/977"}],"wp:attachment":[{"href":"https:\/\/danielletan.fr\/index.php?rest_route=%2Fwp%2Fv2%2Fmedia&parent=52"}],"curies":[{"name":"wp","href":"https:\/\/api.w.org\/{rel}","templated":true}]}}